{"id":12974,"date":"2022-04-29T08:51:23","date_gmt":"2022-04-29T08:51:23","guid":{"rendered":"http:\/\/parquebanhine.gov.mz\/?page_id=12974"},"modified":"2024-09-18T10:24:02","modified_gmt":"2024-09-18T10:24:02","slug":"howtogetthere","status":"publish","type":"page","link":"https:\/\/parquebanhine.gov.mz\/pt\/howtogetthere\/","title":{"rendered":"Como chegar"},"content":{"rendered":"<div data-elementor-type=\"wp-page\" data-elementor-id=\"12974\" class=\"elementor elementor-12974\">\n\t\t\t\t\t\t<section class=\"elementor-section elementor-top-section elementor-element elementor-element-266333e5 tm-column-break-ipad-yes elementor-section-stretched tm-col-stretched-none elementor-section-boxed elementor-section-height-default elementor-section-height-default\" data-id=\"266333e5\" data-element_type=\"section\" data-e-type=\"section\" data-settings=\"{&quot;stretch_section&quot;:&quot;section-stretched&quot;,&quot;background_background&quot;:&quot;classic&quot;}\">\n\t\t\t\t\t\t<div class=\"elementor-container elementor-column-gap-default\">\n\t\t\t\t\t<div class=\"elementor-column elementor-col-50 elementor-top-column elementor-element elementor-element-0ee69fa\" data-id=\"0ee69fa\" data-element_type=\"column\" data-e-type=\"column\">\n\t\t\t<div class=\"elementor-widget-wrap elementor-element-populated\">\n\t\t\t\t\t\t<div class=\"elementor-element elementor-element-5c7a7df elementor-widget elementor-widget-text-editor\" data-id=\"5c7a7df\" data-element_type=\"widget\" data-e-type=\"widget\" data-widget_type=\"text-editor.default\">\n\t\t\t\t<div class=\"elementor-widget-container\">\n\t\t\t\t\t\t\t\t\t<p>A melhor \u00e9poca para visitar o Parque \u00e9 durante os meses secos de inverno, de abril a outubro. Durante este per\u00edodo, os dias s\u00e3o mais frescos e o acesso \u00e9 geralmente mais f\u00e1cil. Mesmo na esta\u00e7\u00e3o seca, s\u00e3o necess\u00e1rios ve\u00edculos 4x4 para a maioria das estradas devido \u00e0s condi\u00e7\u00f5es arenosas.<\/p><p>O Parque pode ser acessado a partir do Parque Nacional do Kruger (\u00c1frica do Sul), atrav\u00e9s de Pafuri ou Giriyondo, e do Parque Nacional Gonarezhou (Zimbabwe) via Chicualacuala. Dentro de Mo\u00e7ambique, viajando do sul de Maputo via Ch\u00f3kw\u00e8, levar\u00e1 aproximadamente 8 horas at\u00e9 ao acampamento principal. Uma rota alternativa de Mapai, no oeste, at\u00e9 ao acampamento principal levar\u00e1 cerca de 4 horas.<\/p><p>Existem v\u00e1rias outras trilhas no parque, principalmente dentro e ao redor da \u00e1rea pantanosa. H\u00e1 planos para sinalizar as rotas no parque, mas na maioria dos casos elas n\u00e3o est\u00e3o indicadas. Portanto, mapas e um GPS s\u00e3o essenciais. Devido \u00e0s estradas arenosas, uma velocidade m\u00e9dia de 30 km\/h \u00e9 esperada.<\/p><p>Existem quatro port\u00f5es de entrada oficiais: Hariane, Mungazi, Macuembe e o port\u00e3o de entrada da Sede, onde est\u00e3o localizadas as instala\u00e7\u00f5es de acampamento formal. Existem 4 rotas principais que atravessam o Parque Nacional de Banhine:<\/p>\t\t\t\t\t\t\t\t<\/div>\n\t\t\t\t<\/div>\n\t\t\t\t<div class=\"elementor-element elementor-element-c55803c elementor-align-start elementor-icon-list--layout-traditional elementor-list-item-link-full_width elementor-widget elementor-widget-icon-list\" data-id=\"c55803c\" data-element_type=\"widget\" data-e-type=\"widget\" data-widget_type=\"icon-list.default\">\n\t\t\t\t<div class=\"elementor-widget-container\">\n\t\t\t\t\t\t\t<ul class=\"elementor-icon-list-items\">\n\t\t\t\t\t\t\t<li class=\"elementor-icon-list-item\">\n\t\t\t\t\t\t\t\t\t\t\t<span class=\"elementor-icon-list-icon\">\n\t\t\t\t\t\t\t<i aria-hidden=\"true\" class=\"far fa-check-circle\"><\/i>\t\t\t\t\t\t<\/span>\n\t\t\t\t\t\t\t\t\t\t<span class=\"elementor-icon-list-text\">Posto Hariane \u00e0 Xlekhane: 58km<\/span>\n\t\t\t\t\t\t\t\t\t<\/li>\n\t\t\t\t\t\t\t\t<li class=\"elementor-icon-list-item\">\n\t\t\t\t\t\t\t\t\t\t\t<span class=\"elementor-icon-list-icon\">\n\t\t\t\t\t\t\t<i aria-hidden=\"true\" class=\"far fa-check-circle\"><\/i>\t\t\t\t\t\t<\/span>\n\t\t\t\t\t\t\t\t\t\t<span class=\"elementor-icon-list-text\">Xlekhane \u00e0 Sede: 43km<\/span>\n\t\t\t\t\t\t\t\t\t<\/li>\n\t\t\t\t\t\t\t\t<li class=\"elementor-icon-list-item\">\n\t\t\t\t\t\t\t\t\t\t\t<span class=\"elementor-icon-list-icon\">\n\t\t\t\t\t\t\t<i aria-hidden=\"true\" class=\"far fa-check-circle\"><\/i>\t\t\t\t\t\t<\/span>\n\t\t\t\t\t\t\t\t\t\t<span class=\"elementor-icon-list-text\">Macuambe \u00e0 Sede: 57km<\/span>\n\t\t\t\t\t\t\t\t\t<\/li>\n\t\t\t\t\t\t\t\t<li class=\"elementor-icon-list-item\">\n\t\t\t\t\t\t\t\t\t\t\t<span class=\"elementor-icon-list-icon\">\n\t\t\t\t\t\t\t<i aria-hidden=\"true\" class=\"far fa-check-circle\"><\/i>\t\t\t\t\t\t<\/span>\n\t\t\t\t\t\t\t\t\t\t<span class=\"elementor-icon-list-text\">Mungazi \u00e0 Xlekhane: 43km<\/span>\n\t\t\t\t\t\t\t\t\t<\/li>\n\t\t\t\t\t\t\t\t<li class=\"elementor-icon-list-item\">\n\t\t\t\t\t\t\t\t\t\t\t<span class=\"elementor-icon-list-icon\">\n\t\t\t\t\t\t\t<i aria-hidden=\"true\" class=\"far fa-check-circle\"><\/i>\t\t\t\t\t\t<\/span>\n\t\t\t\t\t\t\t\t\t\t<span class=\"elementor-icon-list-text\">Viagem de Maputo ao Parque: 12Horas<\/span>\n\t\t\t\t\t\t\t\t\t<\/li>\n\t\t\t\t\t\t\t\t<li class=\"elementor-icon-list-item\">\n\t\t\t\t\t\t\t\t\t\t\t<span class=\"elementor-icon-list-icon\">\n\t\t\t\t\t\t\t<i aria-hidden=\"true\" class=\"far fa-check-circle\"><\/i>\t\t\t\t\t\t<\/span>\n\t\t\t\t\t\t\t\t\t\t<span class=\"elementor-icon-list-text\">Viagem de Mapai ao Parque: 5Hours<\/span>\n\t\t\t\t\t\t\t\t\t<\/li>\n\t\t\t\t\t\t<\/ul>\n\t\t\t\t\t\t<\/div>\n\t\t\t\t<\/div>\n\t\t\t\t<div class=\"elementor-element elementor-element-43f188a elementor-widget elementor-widget-text-editor\" data-id=\"43f188a\" data-element_type=\"widget\" data-e-type=\"widget\" data-widget_type=\"text-editor.default\">\n\t\t\t\t<div class=\"elementor-widget-container\">\n\t\t\t\t\t\t\t\t\t<p>O Parque disp\u00f5e de uma pista de pouso de areia com 1.000 m de comprimento, adequada apenas para avi\u00f5es leves devido \u00e0s areias soltas. Aprova\u00e7\u00f5es pr\u00e9vias de aterragem s\u00e3o necess\u00e1rias.<\/p><p><a href=\"https:\/\/parquebanhine.gov.mz\/wp-content\/uploads\/2022\/08\/mapa-banhine.pdf\" target=\"_blank\" rel=\"noopener\">Baixar mapa<\/a><\/p><p><a href=\"https:\/\/parquebanhine.gov.mz\/wp-content\/uploads\/2022\/08\/bigmap.jpg\" target=\"_blank\" rel=\"noopener\"><img fetchpriority=\"high\" decoding=\"async\" class=\"col-md-12 alignnone wp-image-12982 size-full\" src=\"https:\/\/parquebanhine.gov.mz\/wp-content\/uploads\/2022\/08\/bigmap.jpg\" alt=\"\" width=\"889\" height=\"627\" \/><\/a><\/p>\t\t\t\t\t\t\t\t<\/div>\n\t\t\t\t<\/div>\n\t\t\t\t\t<\/div>\n\t\t<\/div>\n\t\t\t\t<div class=\"elementor-column elementor-col-50 elementor-top-column elementor-element elementor-element-c671fc0\" data-id=\"c671fc0\" data-element_type=\"column\" data-e-type=\"column\">\n\t\t\t<div class=\"elementor-widget-wrap elementor-element-populated\">\n\t\t\t\t\t\t<div class=\"elementor-element elementor-element-c0e2589 elementor-widget elementor-widget-heading\" data-id=\"c0e2589\" data-element_type=\"widget\" data-e-type=\"widget\" data-widget_type=\"heading.default\">\n\t\t\t\t<div class=\"elementor-widget-container\">\n\t\t\t\t\t<h2 class=\"elementor-heading-title elementor-size-default\">Coordenadas GPS<\/h2>\t\t\t\t<\/div>\n\t\t\t\t<\/div>\n\t\t\t\t<div class=\"elementor-element elementor-element-bea2e1b elementor-widget elementor-widget-text-editor\" data-id=\"bea2e1b\" data-element_type=\"widget\" data-e-type=\"widget\" data-widget_type=\"text-editor.default\">\n\t\t\t\t<div class=\"elementor-widget-container\">\n\t\t\t\t\t\t\t\t\t<p class=\"bdbottom\"><strong>Entrada Principal:<\/strong>\u00a022\u00ba 38\u201940.56\u2019\u2019S | 33\u00ba 14\u201955.884\u2019\u2019 E<\/p><p class=\"bdbottom\"><strong>Sede do parque:<\/strong> 22\u00ba 38\u201940.56\u2019\u2019S | 33\u00ba 14\u201955.884\u2019\u2019 E<\/p><p class=\"bdbottom\"><strong>Posto de Mungazi:<\/strong> 28\u00ba8\u201957.85\u2019\u2019S | 32\u00ba54\u201914.98\u2019\u2019 E<\/p><p class=\"bdbottom\"><strong>Posto de Macuambe:<\/strong> 23\u00ba0\u20191.00\u2019\u2019S | 33\u00ba16\u2019.00\u2019\u2019E<\/p><p class=\"bdbottom\"><strong>Posto de Hariane:<\/strong> 22\u00ba30\u201914.45\u2019\u2019S | 32\u00ba37\u201915.48\u2019\u2019E<\/p><p class=\"bdbottom\"><strong>Acampamento tur\u00edstico \u00c1guia Pesqueira:<\/strong> 22\u00ba37\u201958.26\u2019\u2019 | 33\u00ba16\u20192.15\u2019\u2019E<\/p>\t\t\t\t\t\t\t\t<\/div>\n\t\t\t\t<\/div>\n\t\t\t\t\t<\/div>\n\t\t<\/div>\n\t\t\t\t\t<\/div>\n\t\t<\/section>\n\t\t\t\t<\/div>","protected":false},"excerpt":{"rendered":"<p>The best time to visit is during the dry winter months, from April to October. During this period, the days are cooler and accessibility is generally easier. Even in the dry season 4 x 4 vehicles are needs for most of the roads due to sandy conditions. The Park can be accessed from Kruger National &hellip; <a href=\"https:\/\/parquebanhine.gov.mz\/pt\/howtogetthere\/\" class=\"more-link\">Continue reading <span class=\"screen-reader-text\">Como chegar<\/span><\/a><\/p>","protected":false},"author":1,"featured_media":0,"parent":0,"menu_order":0,"comment_status":"closed","ping_status":"closed","template":"","meta":{"footnotes":""},"class_list":["post-12974","page","type-page","status-publish","hentry"],"_links":{"self":[{"href":"https:\/\/parquebanhine.gov.mz\/pt\/wp-json\/wp\/v2\/pages\/12974","targetHints":{"allow":["GET"]}}],"collection":[{"href":"https:\/\/parquebanhine.gov.mz\/pt\/wp-json\/wp\/v2\/pages"}],"about":[{"href":"https:\/\/parquebanhine.gov.mz\/pt\/wp-json\/wp\/v2\/types\/page"}],"author":[{"embeddable":true,"href":"https:\/\/parquebanhine.gov.mz\/pt\/wp-json\/wp\/v2\/users\/1"}],"replies":[{"embeddable":true,"href":"https:\/\/parquebanhine.gov.mz\/pt\/wp-json\/wp\/v2\/comments?post=12974"}],"version-history":[{"count":5,"href":"https:\/\/parquebanhine.gov.mz\/pt\/wp-json\/wp\/v2\/pages\/12974\/revisions"}],"predecessor-version":[{"id":14263,"href":"https:\/\/parquebanhine.gov.mz\/pt\/wp-json\/wp\/v2\/pages\/12974\/revisions\/14263"}],"wp:attachment":[{"href":"https:\/\/parquebanhine.gov.mz\/pt\/wp-json\/wp\/v2\/media?parent=12974"}],"curies":[{"name":"wp","href":"https:\/\/api.w.org\/{rel}","templated":true}]}}